{"id":212,"date":"2024-10-31T15:37:22","date_gmt":"2024-10-31T14:37:22","guid":{"rendered":"https:\/\/christine-blome.de\/?page_id=212"},"modified":"2025-12-08T12:24:20","modified_gmt":"2025-12-08T11:24:20","slug":"geschichten-2-2","status":"publish","type":"page","link":"https:\/\/christine-blome.de\/en\/geschichten-2-2\/","title":{"rendered":"About me"},"content":{"rendered":"<div data-elementor-type=\"wp-page\" data-elementor-id=\"212\" class=\"elementor elementor-212\" data-elementor-post-type=\"page\">\n\t\t\t\t<div class=\"elementor-element elementor-element-9ad1098 e-flex e-con-boxed e-con e-parent\" data-id=\"9ad1098\" data-element_type=\"container\" data-e-type=\"container\" data-settings=\"{&quot;background_background&quot;:&quot;classic&quot;}\">\n\t\t\t\t\t<div class=\"e-con-inner\">\n\t\t<div class=\"elementor-element elementor-element-62d5adf e-con-full e-flex e-con e-child\" data-id=\"62d5adf\" data-element_type=\"container\" data-e-type=\"container\" data-settings=\"{&quot;background_background&quot;:&quot;classic&quot;}\">\n\t\t<div class=\"elementor-element elementor-element-5a1c7a5 e-con-full e-flex e-con e-child\" data-id=\"5a1c7a5\" data-element_type=\"container\" data-e-type=\"container\">\n\t\t\t\t<div class=\"elementor-element elementor-element-beefe02 elementor-widget elementor-widget-heading\" data-id=\"beefe02\" data-element_type=\"widget\" data-e-type=\"widget\" data-widget_type=\"heading.default\">\n\t\t\t\t<div class=\"elementor-widget-container\">\n\t\t\t\t\t<h2 class=\"elementor-heading-title elementor-size-default\">CO-CREATING<\/h2>\t\t\t\t<\/div>\n\t\t\t\t<\/div>\n\t\t\t\t<div class=\"elementor-element elementor-element-f0affc1 elementor-widget elementor-widget-heading\" data-id=\"f0affc1\" data-element_type=\"widget\" data-e-type=\"widget\" data-widget_type=\"heading.default\">\n\t\t\t\t<div class=\"elementor-widget-container\">\n\t\t\t\t\t<h1 class=\"elementor-heading-title elementor-size-default\">THE FUTURE<\/h1>\t\t\t\t<\/div>\n\t\t\t\t<\/div>\n\t\t\t\t<\/div>\n\t\t\t\t<\/div>\n\t\t\t\t\t<\/div>\n\t\t\t\t<\/div>\n\t\t<div class=\"elementor-element elementor-element-316da9a e-flex e-con-boxed e-con e-parent\" data-id=\"316da9a\" data-element_type=\"container\" data-e-type=\"container\">\n\t\t\t\t\t<div class=\"e-con-inner\">\n\t\t<div class=\"elementor-element elementor-element-5948edc e-con-full e-flex e-con e-child\" data-id=\"5948edc\" data-element_type=\"container\" data-e-type=\"container\">\n\t\t\t\t<div class=\"elementor-element elementor-element-e4f399f elementor-widget elementor-widget-heading\" data-id=\"e4f399f\" data-element_type=\"widget\" data-e-type=\"widget\" data-widget_type=\"heading.default\">\n\t\t\t\t<div class=\"elementor-widget-container\">\n\t\t\t\t\t<h2 class=\"elementor-heading-title elementor-size-default\">About me<\/h2>\t\t\t\t<\/div>\n\t\t\t\t<\/div>\n\t\t\t\t<\/div>\n\t\t\t\t\t<\/div>\n\t\t\t\t<\/div>\n\t\t<div class=\"elementor-element elementor-element-54728e0 e-flex e-con-boxed e-con e-parent\" data-id=\"54728e0\" data-element_type=\"container\" data-e-type=\"container\">\n\t\t\t\t\t<div class=\"e-con-inner\">\n\t\t<div class=\"elementor-element elementor-element-129f5f3 e-con-full e-flex e-con e-child\" data-id=\"129f5f3\" data-element_type=\"container\" data-e-type=\"container\">\n\t\t\t\t<div class=\"elementor-element elementor-element-1bc7c86 elementor-widget__width-initial elementor-widget-tablet__width-initial elementor-widget elementor-widget-image\" data-id=\"1bc7c86\" data-element_type=\"widget\" data-e-type=\"widget\" data-widget_type=\"image.default\">\n\t\t\t\t<div class=\"elementor-widget-container\">\n\t\t\t\t\t\t\t\t\t\t\t\t\t\t\t<img fetchpriority=\"high\" decoding=\"async\" width=\"768\" height=\"1152\" src=\"https:\/\/christine-blome.de\/wp-content\/uploads\/2024\/11\/CB-2-1-768x1152.jpg\" class=\"attachment-medium_large size-medium_large wp-image-382\" alt=\"Profilbild von Christine Blome\" srcset=\"https:\/\/christine-blome.de\/wp-content\/uploads\/2024\/11\/CB-2-1-768x1152.jpg 768w, https:\/\/christine-blome.de\/wp-content\/uploads\/2024\/11\/CB-2-1-200x300.jpg 200w, https:\/\/christine-blome.de\/wp-content\/uploads\/2024\/11\/CB-2-1-683x1024.jpg 683w, https:\/\/christine-blome.de\/wp-content\/uploads\/2024\/11\/CB-2-1.jpg 882w\" sizes=\"(max-width: 768px) 100vw, 768px\" \/>\t\t\t\t\t\t\t\t\t\t\t\t\t\t\t<\/div>\n\t\t\t\t<\/div>\n\t\t\t\t<\/div>\n\t\t<div class=\"elementor-element elementor-element-b241c9b e-con-full e-flex e-con e-child\" data-id=\"b241c9b\" data-element_type=\"container\" data-e-type=\"container\">\n\t\t\t\t<div class=\"elementor-element elementor-element-f22d6b2 elementor-widget elementor-widget-text-editor\" data-id=\"f22d6b2\" data-element_type=\"widget\" data-e-type=\"widget\" data-widget_type=\"text-editor.default\">\n\t\t\t\t<div class=\"elementor-widget-container\">\n\t\t\t\t\t\t\t\t\t<p class=\"\">I am passionate about creating innovative learning and development spaces in human resources, team and organisational development. I love working with and for people, supporting them in their development. Together with clients and participants, I design educational and dialogue formats in which each individual has a say, the group finds common ground, and everyone can develop. Formats offered are both on-site and online.<\/p><p class=\"\">My heart beats for co-creation, innovation, agility and international cooperation. I support executives, teams and organisations worldwide on their path to a sustainable future. I open and design the spaces for development, transformation and innovation\u2013 from individual coaching to team development to large group conferences.<\/p>\t\t\t\t\t\t\t\t<\/div>\n\t\t\t\t<\/div>\n\t\t\t\t<\/div>\n\t\t\t\t\t<\/div>\n\t\t\t\t<\/div>\n\t\t<div class=\"elementor-element elementor-element-da7139d e-flex e-con-boxed e-con e-parent\" data-id=\"da7139d\" data-element_type=\"container\" data-e-type=\"container\">\n\t\t\t\t\t<div class=\"e-con-inner\">\n\t\t\t\t<div class=\"elementor-element elementor-element-1dc0b21 elementor-widget elementor-widget-spacer\" data-id=\"1dc0b21\" data-element_type=\"widget\" data-e-type=\"widget\" data-widget_type=\"spacer.default\">\n\t\t\t\t<div class=\"elementor-widget-container\">\n\t\t\t\t\t\t\t<div class=\"elementor-spacer\">\n\t\t\t<div class=\"elementor-spacer-inner\"><\/div>\n\t\t<\/div>\n\t\t\t\t\t\t<\/div>\n\t\t\t\t<\/div>\n\t\t<div class=\"elementor-element elementor-element-c5b00dd e-con-full e-flex e-con e-child\" data-id=\"c5b00dd\" data-element_type=\"container\" data-e-type=\"container\">\n\t\t\t\t<div class=\"elementor-element elementor-element-aad95c3 elementor-widget elementor-widget-heading\" data-id=\"aad95c3\" data-element_type=\"widget\" data-e-type=\"widget\" data-widget_type=\"heading.default\">\n\t\t\t\t<div class=\"elementor-widget-container\">\n\t\t\t\t\t<h2 class=\"elementor-heading-title elementor-size-default\">My story<\/h2>\t\t\t\t<\/div>\n\t\t\t\t<\/div>\n\t\t\t\t<\/div>\n\t\t\t\t\t<\/div>\n\t\t\t\t<\/div>\n\t\t<div class=\"elementor-element elementor-element-33b3427 e-flex e-con-boxed e-con e-parent\" data-id=\"33b3427\" data-element_type=\"container\" data-e-type=\"container\">\n\t\t\t\t\t<div class=\"e-con-inner\">\n\t\t<div class=\"elementor-element elementor-element-2dae738 e-con-full e-flex e-con e-child\" data-id=\"2dae738\" data-element_type=\"container\" data-e-type=\"container\">\n\t\t<div class=\"elementor-element elementor-element-35524a8 e-con-full e-flex e-con e-child\" data-id=\"35524a8\" data-element_type=\"container\" data-e-type=\"container\">\n\t\t\t\t<div class=\"elementor-element elementor-element-fee6e1d elementor-widget elementor-widget-text-editor\" data-id=\"fee6e1d\" data-element_type=\"widget\" data-e-type=\"widget\" data-widget_type=\"text-editor.default\">\n\t\t\t\t<div class=\"elementor-widget-container\">\n\t\t\t\t\t\t\t\t\tI love people and learning and am passionate about the development of one\u2019s potential and transformation. That's why I studied international adult education, psychology and sociology in Berlin. During my studies, I earned my income through training, large group facilitation and research on educational processes.\n\nAfterwards, I took on a management role in international cooperation and helped to build up a global education programme, <span style=\"text-decoration: underline; color: #333399;\"><a style=\"color: #333399; text-decoration: underline;\" href=\"http:\/\/ensa.engagement-global.de.\" target=\"_blank\" rel=\"noopener\">ENSA<\/a><\/span><span style=\"color: #000080;\"> . <\/span>The programme focused on empowerment, competence and personality development. Even back then, we designed the programme according to the principles of co-creation and self-organisation and lived what is now called \"agility and new work\".\t\t\t\t\t\t\t\t<\/div>\n\t\t\t\t<\/div>\n\t\t\t\t<\/div>\n\t\t\t\t<\/div>\n\t\t<div class=\"elementor-element elementor-element-201236c e-con-full e-flex e-con e-child\" data-id=\"201236c\" data-element_type=\"container\" data-e-type=\"container\">\n\t\t\t\t<div class=\"elementor-element elementor-element-afbd4a2 elementor-widget elementor-widget-image\" data-id=\"afbd4a2\" data-element_type=\"widget\" data-e-type=\"widget\" data-widget_type=\"image.default\">\n\t\t\t\t<div class=\"elementor-widget-container\">\n\t\t\t\t\t\t\t\t\t\t\t\t\t\t\t<img decoding=\"async\" width=\"768\" height=\"640\" src=\"https:\/\/christine-blome.de\/wp-content\/uploads\/2024\/11\/CB-Try12-10-768x640.jpg\" class=\"attachment-medium_large size-medium_large wp-image-1313\" alt=\"Christine Blome moderiert\" srcset=\"https:\/\/christine-blome.de\/wp-content\/uploads\/2024\/11\/CB-Try12-10-768x640.jpg 768w, https:\/\/christine-blome.de\/wp-content\/uploads\/2024\/11\/CB-Try12-10-300x250.jpg 300w, https:\/\/christine-blome.de\/wp-content\/uploads\/2024\/11\/CB-Try12-10-1024x853.jpg 1024w, https:\/\/christine-blome.de\/wp-content\/uploads\/2024\/11\/CB-Try12-10.jpg 1200w\" sizes=\"(max-width: 768px) 100vw, 768px\" \/>\t\t\t\t\t\t\t\t\t\t\t\t\t\t\t<\/div>\n\t\t\t\t<\/div>\n\t\t\t\t<\/div>\n\t\t\t\t\t<\/div>\n\t\t\t\t<\/div>\n\t\t<div class=\"elementor-element elementor-element-e5eb9ef e-flex e-con-boxed e-con e-parent\" data-id=\"e5eb9ef\" data-element_type=\"container\" data-e-type=\"container\">\n\t\t\t\t\t<div class=\"e-con-inner\">\n\t\t<div class=\"elementor-element elementor-element-a4ae9d0 e-con-full e-flex e-con e-child\" data-id=\"a4ae9d0\" data-element_type=\"container\" data-e-type=\"container\">\n\t\t\t\t<div class=\"elementor-element elementor-element-e680552 elementor-widget elementor-widget-image\" data-id=\"e680552\" data-element_type=\"widget\" data-e-type=\"widget\" data-widget_type=\"image.default\">\n\t\t\t\t<div class=\"elementor-widget-container\">\n\t\t\t\t\t\t\t\t\t\t\t\t\t\t\t<img decoding=\"async\" width=\"768\" height=\"576\" src=\"https:\/\/christine-blome.de\/wp-content\/uploads\/2025\/01\/AllInVI-768x576.jpg\" class=\"attachment-medium_large size-medium_large wp-image-2334\" alt=\"Collage Internationale Zusammenarbeit mit verschiedenen Personen und R\u00e4umen\" srcset=\"https:\/\/christine-blome.de\/wp-content\/uploads\/2025\/01\/AllInVI-768x576.jpg 768w, https:\/\/christine-blome.de\/wp-content\/uploads\/2025\/01\/AllInVI-300x225.jpg 300w, https:\/\/christine-blome.de\/wp-content\/uploads\/2025\/01\/AllInVI-1024x768.jpg 1024w, https:\/\/christine-blome.de\/wp-content\/uploads\/2025\/01\/AllInVI-1536x1152.jpg 1536w, https:\/\/christine-blome.de\/wp-content\/uploads\/2025\/01\/AllInVI.jpg 1600w\" sizes=\"(max-width: 768px) 100vw, 768px\" \/>\t\t\t\t\t\t\t\t\t\t\t\t\t\t\t<\/div>\n\t\t\t\t<\/div>\n\t\t\t\t<\/div>\n\t\t<div class=\"elementor-element elementor-element-ae50797 e-con-full e-flex e-con e-child\" data-id=\"ae50797\" data-element_type=\"container\" data-e-type=\"container\">\n\t\t\t\t<div class=\"elementor-element elementor-element-e01675c elementor-widget elementor-widget-text-editor\" data-id=\"e01675c\" data-element_type=\"widget\" data-e-type=\"widget\" data-widget_type=\"text-editor.default\">\n\t\t\t\t<div class=\"elementor-widget-container\">\n\t\t\t\t\t\t\t\t\t<p>Through my own leadership role and my training as a coach, I developed an enthusiasm for leadership topics. Alongside my leadership role, I began to design training courses for managers and to accompany team processes. Over time, it became clear to me that I wanted to devote myself full-time to supporting executives, teams, organisations and networks, which led me back into self-employment. I am grateful to have turned my passion into my profession (travelling, continuous training, creative design, inspiring dialogues with interesting people). I find the balance to my work in nature - all the photos on this website reflect places that are important to me.<\/p>\t\t\t\t\t\t\t\t<\/div>\n\t\t\t\t<\/div>\n\t\t\t\t<div class=\"elementor-element elementor-element-bb3f234 elementor-widget elementor-widget-text-editor\" data-id=\"bb3f234\" data-element_type=\"widget\" data-e-type=\"widget\" data-widget_type=\"text-editor.default\">\n\t\t\t\t<div class=\"elementor-widget-container\">\n\t\t\t\t\t\t\t\t\t<p>I would be pleased to send you my CV on request.<\/p>\t\t\t\t\t\t\t\t<\/div>\n\t\t\t\t<\/div>\n\t\t<div class=\"elementor-element elementor-element-7891c7b e-con-full e-flex e-con e-child\" data-id=\"7891c7b\" data-element_type=\"container\" data-e-type=\"container\">\n\t\t\t\t<div class=\"elementor-element elementor-element-2478baf elementor-mobile-align-center elementor-align-left elementor-widget elementor-widget-button\" data-id=\"2478baf\" data-element_type=\"widget\" data-e-type=\"widget\" data-widget_type=\"button.default\">\n\t\t\t\t<div class=\"elementor-widget-container\">\n\t\t\t\t\t\t\t\t\t<div class=\"elementor-button-wrapper\">\n\t\t\t\t\t<a class=\"elementor-button elementor-button-link elementor-size-sm\" href=\"#\">\n\t\t\t\t\t\t<span class=\"elementor-button-content-wrapper\">\n\t\t\t\t\t\t\t\t\t<span class=\"elementor-button-text\">Request CV \/ Vita<\/span>\n\t\t\t\t\t<\/span>\n\t\t\t\t\t<\/a>\n\t\t\t\t<\/div>\n\t\t\t\t\t\t\t\t<\/div>\n\t\t\t\t<\/div>\n\t\t\t\t<\/div>\n\t\t\t\t<\/div>\n\t\t\t\t\t<\/div>\n\t\t\t\t<\/div>\n\t\t<div class=\"elementor-element elementor-element-45dd55a e-flex e-con-boxed e-con e-parent\" data-id=\"45dd55a\" data-element_type=\"container\" data-e-type=\"container\">\n\t\t\t\t\t<div class=\"e-con-inner\">\n\t\t<div class=\"elementor-element elementor-element-c751c65 e-con-full e-flex e-con e-child\" data-id=\"c751c65\" data-element_type=\"container\" data-e-type=\"container\">\n\t\t\t\t<div class=\"elementor-element elementor-element-ebb069b elementor-widget elementor-widget-heading\" data-id=\"ebb069b\" data-element_type=\"widget\" data-e-type=\"widget\" data-widget_type=\"heading.default\">\n\t\t\t\t<div class=\"elementor-widget-container\">\n\t\t\t\t\t<h2 class=\"elementor-heading-title elementor-size-default\">Social Media<\/h2>\t\t\t\t<\/div>\n\t\t\t\t<\/div>\n\t\t\t\t<\/div>\n\t\t\t\t\t<\/div>\n\t\t\t\t<\/div>\n\t\t<div class=\"elementor-element elementor-element-67ba337 e-flex e-con-boxed e-con e-parent\" data-id=\"67ba337\" data-element_type=\"container\" data-e-type=\"container\">\n\t\t\t\t\t<div class=\"e-con-inner\">\n\t\t<div class=\"elementor-element elementor-element-aac13de e-con-full e-flex e-con e-child\" data-id=\"aac13de\" data-element_type=\"container\" data-e-type=\"container\">\n\t\t\t\t<div class=\"elementor-element elementor-element-69f747a elementor-widget elementor-widget-image\" data-id=\"69f747a\" data-element_type=\"widget\" data-e-type=\"widget\" data-widget_type=\"image.default\">\n\t\t\t\t<div class=\"elementor-widget-container\">\n\t\t\t\t\t\t\t\t\t\t\t\t\t\t\t<img loading=\"lazy\" decoding=\"async\" width=\"768\" height=\"466\" src=\"https:\/\/christine-blome.de\/wp-content\/uploads\/2024\/11\/Social1-1-768x466.jpg\" class=\"attachment-medium_large size-medium_large wp-image-1208\" alt=\"Linkedin Profil von Christine Blome\" srcset=\"https:\/\/christine-blome.de\/wp-content\/uploads\/2024\/11\/Social1-1-768x466.jpg 768w, https:\/\/christine-blome.de\/wp-content\/uploads\/2024\/11\/Social1-1-300x182.jpg 300w, https:\/\/christine-blome.de\/wp-content\/uploads\/2024\/11\/Social1-1-1024x622.jpg 1024w, https:\/\/christine-blome.de\/wp-content\/uploads\/2024\/11\/Social1-1.jpg 1339w\" sizes=\"(max-width: 768px) 100vw, 768px\" \/>\t\t\t\t\t\t\t\t\t\t\t\t\t\t\t<\/div>\n\t\t\t\t<\/div>\n\t\t\t\t<\/div>\n\t\t<div class=\"elementor-element elementor-element-5ac2500 e-con-full e-flex e-con e-child\" data-id=\"5ac2500\" data-element_type=\"container\" data-e-type=\"container\">\n\t\t\t\t<div class=\"elementor-element elementor-element-097fbfa elementor-widget elementor-widget-text-editor\" data-id=\"097fbfa\" data-element_type=\"widget\" data-e-type=\"widget\" data-widget_type=\"text-editor.default\">\n\t\t\t\t<div class=\"elementor-widget-container\">\n\t\t\t\t\t\t\t\t\t<p>I enjoy using social media to share experiences from my work and to network with colleagues and partners. I look forward to hearing from you on these channels as well:<\/p>\t\t\t\t\t\t\t\t<\/div>\n\t\t\t\t<\/div>\n\t\t<div class=\"elementor-element elementor-element-3b006a1 e-con-full e-flex e-con e-child\" data-id=\"3b006a1\" data-element_type=\"container\" data-e-type=\"container\">\n\t\t\t\t<div class=\"elementor-element elementor-element-e032a1d elementor-view-default elementor-widget elementor-widget-icon\" data-id=\"e032a1d\" data-element_type=\"widget\" data-e-type=\"widget\" data-widget_type=\"icon.default\">\n\t\t\t\t<div class=\"elementor-widget-container\">\n\t\t\t\t\t\t\t<div class=\"elementor-icon-wrapper\">\n\t\t\t<a class=\"elementor-icon\" href=\"https:\/\/www.linkedin.com\/in\/christine-blome-en\/\" target=\"_blank\" rel=\"noopener\">\n\t\t\t<svg aria-hidden=\"true\" class=\"e-font-icon-svg e-fab-linkedin\" viewbox=\"0 0 448 512\" xmlns=\"http:\/\/www.w3.org\/2000\/svg\"><path d=\"M416 32H31.9C14.3 32 0 46.5 0 64.3v383.4C0 465.5 14.3 480 31.9 480H416c17.6 0 32-14.5 32-32.3V64.3c0-17.8-14.4-32.3-32-32.3zM135.4 416H69V202.2h66.5V416zm-33.2-243c-21.3 0-38.5-17.3-38.5-38.5S80.9 96 102.2 96c21.2 0 38.5 17.3 38.5 38.5 0 21.3-17.2 38.5-38.5 38.5zm282.1 243h-66.4V312c0-24.8-.5-56.7-34.5-56.7-34.6 0-39.9 27-39.9 54.9V416h-66.4V202.2h63.7v29.2h.9c8.9-16.8 30.6-34.5 62.9-34.5 67.2 0 79.7 44.3 79.7 101.9V416z\"><\/path><\/svg>\t\t\t<\/a>\n\t\t<\/div>\n\t\t\t\t\t\t<\/div>\n\t\t\t\t<\/div>\n\t\t\t\t<div class=\"elementor-element elementor-element-addb4b7 elementor-view-default elementor-widget elementor-widget-icon\" data-id=\"addb4b7\" data-element_type=\"widget\" data-e-type=\"widget\" data-widget_type=\"icon.default\">\n\t\t\t\t<div class=\"elementor-widget-container\">\n\t\t\t\t\t\t\t<div class=\"elementor-icon-wrapper\">\n\t\t\t<a class=\"elementor-icon\" href=\"https:\/\/www.instagram.com\/christine.blome\/\" target=\"_blank\" rel=\"noopener\">\n\t\t\t<svg aria-hidden=\"true\" class=\"e-font-icon-svg e-fab-instagram\" viewbox=\"0 0 448 512\" xmlns=\"http:\/\/www.w3.org\/2000\/svg\"><path d=\"M224.1 141c-63.6 0-114.9 51.3-114.9 114.9s51.3 114.9 114.9 114.9S339 319.5 339 255.9 287.7 141 224.1 141zm0 189.6c-41.1 0-74.7-33.5-74.7-74.7s33.5-74.7 74.7-74.7 74.7 33.5 74.7 74.7-33.6 74.7-74.7 74.7zm146.4-194.3c0 14.9-12 26.8-26.8 26.8-14.9 0-26.8-12-26.8-26.8s12-26.8 26.8-26.8 26.8 12 26.8 26.8zm76.1 27.2c-1.7-35.9-9.9-67.7-36.2-93.9-26.2-26.2-58-34.4-93.9-36.2-37-2.1-147.9-2.1-184.9 0-35.8 1.7-67.6 9.9-93.9 36.1s-34.4 58-36.2 93.9c-2.1 37-2.1 147.9 0 184.9 1.7 35.9 9.9 67.7 36.2 93.9s58 34.4 93.9 36.2c37 2.1 147.9 2.1 184.9 0 35.9-1.7 67.7-9.9 93.9-36.2 26.2-26.2 34.4-58 36.2-93.9 2.1-37 2.1-147.8 0-184.8zM398.8 388c-7.8 19.6-22.9 34.7-42.6 42.6-29.5 11.7-99.5 9-132.1 9s-102.7 2.6-132.1-9c-19.6-7.8-34.7-22.9-42.6-42.6-11.7-29.5-9-99.5-9-132.1s-2.6-102.7 9-132.1c7.8-19.6 22.9-34.7 42.6-42.6 29.5-11.7 99.5-9 132.1-9s102.7-2.6 132.1 9c19.6 7.8 34.7 22.9 42.6 42.6 11.7 29.5 9 99.5 9 132.1s2.7 102.7-9 132.1z\"><\/path><\/svg>\t\t\t<\/a>\n\t\t<\/div>\n\t\t\t\t\t\t<\/div>\n\t\t\t\t<\/div>\n\t\t\t\t<\/div>\n\t\t\t\t<\/div>\n\t\t\t\t\t<\/div>\n\t\t\t\t<\/div>\n\t\t\t\t<\/div>","protected":false},"excerpt":{"rendered":"<p>GEMEINSAM ZUKUNFT GESTALTEN \u00dcber Mich Mit Begeisterung gestalte ich innovative Lern- und Entwicklungsr\u00e4ume in der Personal-, Team- und Organisationsentwicklung. Ich liebe es, mit und f\u00fcr Menschen zu arbeiten und sie mit vollem Engagement in ihrer\u00a0Entwicklung zu unterst\u00fctzen. Gemeinsam mit Auftraggebern und Teilnehmenden konzipiere ich Bildungs- und Dialogformate, in denen jede*r Einzelne zu Wort kommt, sich [&hellip;]<\/p>\n","protected":false},"author":1,"featured_media":0,"parent":0,"menu_order":0,"comment_status":"closed","ping_status":"closed","template":"","meta":{"footnotes":""},"class_list":["post-212","page","type-page","status-publish","hentry"],"_links":{"self":[{"href":"https:\/\/christine-blome.de\/en\/wp-json\/wp\/v2\/pages\/212","targetHints":{"allow":["GET"]}}],"collection":[{"href":"https:\/\/christine-blome.de\/en\/wp-json\/wp\/v2\/pages"}],"about":[{"href":"https:\/\/christine-blome.de\/en\/wp-json\/wp\/v2\/types\/page"}],"author":[{"embeddable":true,"href":"https:\/\/christine-blome.de\/en\/wp-json\/wp\/v2\/users\/1"}],"replies":[{"embeddable":true,"href":"https:\/\/christine-blome.de\/en\/wp-json\/wp\/v2\/comments?post=212"}],"version-history":[{"count":1154,"href":"https:\/\/christine-blome.de\/en\/wp-json\/wp\/v2\/pages\/212\/revisions"}],"predecessor-version":[{"id":3331,"href":"https:\/\/christine-blome.de\/en\/wp-json\/wp\/v2\/pages\/212\/revisions\/3331"}],"wp:attachment":[{"href":"https:\/\/christine-blome.de\/en\/wp-json\/wp\/v2\/media?parent=212"}],"curies":[{"name":"wp","href":"https:\/\/api.w.org\/{rel}","templated":true}]}}