{"id":115,"date":"2024-10-31T12:52:10","date_gmt":"2024-10-31T11:52:10","guid":{"rendered":"https:\/\/christine-blome.de\/?page_id=115"},"modified":"2025-12-10T14:55:26","modified_gmt":"2025-12-10T13:55:26","slug":"geschichten-2","status":"publish","type":"page","link":"https:\/\/christine-blome.de\/en\/","title":{"rendered":"Home"},"content":{"rendered":"<div data-elementor-type=\"wp-page\" data-elementor-id=\"115\" class=\"elementor elementor-115\" data-elementor-post-type=\"page\">\n\t\t\t\t<div class=\"elementor-element elementor-element-5c5b2a0 e-flex e-con-boxed e-con e-parent\" data-id=\"5c5b2a0\" data-element_type=\"container\" data-e-type=\"container\" data-settings=\"{&quot;background_background&quot;:&quot;classic&quot;}\">\n\t\t\t\t\t<div class=\"e-con-inner\">\n\t\t<div class=\"elementor-element elementor-element-13b42e2 e-con-full e-flex e-con e-child\" data-id=\"13b42e2\" data-element_type=\"container\" data-e-type=\"container\" data-settings=\"{&quot;background_background&quot;:&quot;classic&quot;}\">\n\t\t<div class=\"elementor-element elementor-element-e6f949d e-con-full e-flex e-con e-child\" data-id=\"e6f949d\" data-element_type=\"container\" data-e-type=\"container\">\n\t\t\t\t<div class=\"elementor-element elementor-element-e3b086e elementor-widget elementor-widget-heading\" data-id=\"e3b086e\" data-element_type=\"widget\" data-e-type=\"widget\" data-widget_type=\"heading.default\">\n\t\t\t\t<div class=\"elementor-widget-container\">\n\t\t\t\t\t<h2 class=\"elementor-heading-title elementor-size-default\">CO-CREATING<\/h2>\t\t\t\t<\/div>\n\t\t\t\t<\/div>\n\t\t\t\t<div class=\"elementor-element elementor-element-339d941 elementor-widget elementor-widget-heading\" data-id=\"339d941\" data-element_type=\"widget\" data-e-type=\"widget\" data-widget_type=\"heading.default\">\n\t\t\t\t<div class=\"elementor-widget-container\">\n\t\t\t\t\t<h1 class=\"elementor-heading-title elementor-size-default\">THE FUTURE<\/h1>\t\t\t\t<\/div>\n\t\t\t\t<\/div>\n\t\t\t\t<\/div>\n\t\t\t\t<\/div>\n\t\t\t\t\t<\/div>\n\t\t\t\t<\/div>\n\t\t<div class=\"elementor-element elementor-element-3f4bf87 e-flex e-con-boxed e-con e-parent\" data-id=\"3f4bf87\" data-element_type=\"container\" data-e-type=\"container\">\n\t\t\t\t\t<div class=\"e-con-inner\">\n\t\t\t\t<div class=\"elementor-element elementor-element-491fe26 elementor-widget elementor-widget-spacer\" data-id=\"491fe26\" data-element_type=\"widget\" data-e-type=\"widget\" data-widget_type=\"spacer.default\">\n\t\t\t\t<div class=\"elementor-widget-container\">\n\t\t\t\t\t\t\t<div class=\"elementor-spacer\">\n\t\t\t<div class=\"elementor-spacer-inner\"><\/div>\n\t\t<\/div>\n\t\t\t\t\t\t<\/div>\n\t\t\t\t<\/div>\n\t\t<div class=\"elementor-element elementor-element-b6b49e0 e-con-full e-flex e-con e-child\" data-id=\"b6b49e0\" data-element_type=\"container\" data-e-type=\"container\">\n\t\t\t\t<div class=\"elementor-element elementor-element-0c6e120 elementor-widget elementor-widget-heading\" data-id=\"0c6e120\" data-element_type=\"widget\" data-e-type=\"widget\" data-widget_type=\"heading.default\">\n\t\t\t\t<div class=\"elementor-widget-container\">\n\t\t\t\t\t<h2 class=\"elementor-heading-title elementor-size-default\">Welcome<\/h2>\t\t\t\t<\/div>\n\t\t\t\t<\/div>\n\t\t\t\t<\/div>\n\t\t\t\t\t<\/div>\n\t\t\t\t<\/div>\n\t\t<div class=\"elementor-element elementor-element-b2f9c8e e-flex e-con-boxed e-con e-parent\" data-id=\"b2f9c8e\" data-element_type=\"container\" data-e-type=\"container\">\n\t\t\t\t\t<div class=\"e-con-inner\">\n\t\t<div class=\"elementor-element elementor-element-1775516 e-con-full e-flex e-con e-child\" data-id=\"1775516\" data-element_type=\"container\" data-e-type=\"container\">\n\t\t\t\t<div class=\"elementor-element elementor-element-d49d181 elementor-widget elementor-widget-image\" data-id=\"d49d181\" data-element_type=\"widget\" data-e-type=\"widget\" data-widget_type=\"image.default\">\n\t\t\t\t<div class=\"elementor-widget-container\">\n\t\t\t\t\t\t\t\t\t\t\t\t\t\t\t<img fetchpriority=\"high\" decoding=\"async\" width=\"800\" height=\"967\" src=\"https:\/\/christine-blome.de\/wp-content\/uploads\/2024\/10\/CB-847x1024.jpg\" class=\"attachment-large size-large wp-image-139\" alt=\"Profilbild Christine Blome\" srcset=\"https:\/\/christine-blome.de\/wp-content\/uploads\/2024\/10\/CB-847x1024.jpg 847w, https:\/\/christine-blome.de\/wp-content\/uploads\/2024\/10\/CB-248x300.jpg 248w, https:\/\/christine-blome.de\/wp-content\/uploads\/2024\/10\/CB-768x928.jpg 768w, https:\/\/christine-blome.de\/wp-content\/uploads\/2024\/10\/CB-1271x1536.jpg 1271w, https:\/\/christine-blome.de\/wp-content\/uploads\/2024\/10\/CB.jpg 1377w\" sizes=\"(max-width: 800px) 100vw, 800px\" \/>\t\t\t\t\t\t\t\t\t\t\t\t\t\t\t<\/div>\n\t\t\t\t<\/div>\n\t\t\t\t<\/div>\n\t\t<div class=\"elementor-element elementor-element-3e3ed0b e-con-full e-flex e-con e-child\" data-id=\"3e3ed0b\" data-element_type=\"container\" data-e-type=\"container\">\n\t\t\t\t<div class=\"elementor-element elementor-element-6b0d454 elementor-widget elementor-widget-text-editor\" data-id=\"6b0d454\" data-element_type=\"widget\" data-e-type=\"widget\" data-widget_type=\"text-editor.default\">\n\t\t\t\t<div class=\"elementor-widget-container\">\n\t\t\t\t\t\t\t\t\t<p class=\"\">Welcome to my website!<\/p><p class=\"\">I am delighted to present my services as a facilitator, consultant and coach. Please take a look around and find the format that suits your needs.\u00a0<\/p><p class=\"\">I would be happy to develop a tailor-made solution for you. Just let me know how I can support you.\u00a0<\/p><p class=\"\">I look forward to hearing from you!<\/p><p class=\"\">Christine Blome<\/p>\t\t\t\t\t\t\t\t<\/div>\n\t\t\t\t<\/div>\n\t\t\t\t<\/div>\n\t\t\t\t\t<\/div>\n\t\t\t\t<\/div>\n\t\t<div class=\"elementor-element elementor-element-fcced53 e-flex e-con-boxed e-con e-parent\" data-id=\"fcced53\" data-element_type=\"container\" data-e-type=\"container\">\n\t\t\t\t\t<div class=\"e-con-inner\">\n\t\t<div class=\"elementor-element elementor-element-dd655ec e-con-full e-flex e-con e-child\" data-id=\"dd655ec\" data-element_type=\"container\" data-e-type=\"container\">\n\t\t\t\t<div class=\"elementor-element elementor-element-fdff6ee elementor-widget elementor-widget-text-editor\" data-id=\"fdff6ee\" data-element_type=\"widget\" data-e-type=\"widget\" data-widget_type=\"text-editor.default\">\n\t\t\t\t<div class=\"elementor-widget-container\">\n\t\t\t\t\t\t\t\t\t<p>On the following pages, you will find more information about me and my work.<\/p>\t\t\t\t\t\t\t\t<\/div>\n\t\t\t\t<\/div>\n\t\t\t\t<\/div>\n\t\t\t\t\t<\/div>\n\t\t\t\t<\/div>\n\t\t<div class=\"elementor-element elementor-element-1255080 e-flex e-con-boxed e-con e-parent\" data-id=\"1255080\" data-element_type=\"container\" data-e-type=\"container\">\n\t\t\t\t\t<div class=\"e-con-inner\">\n\t\t<div class=\"elementor-element elementor-element-98b8980 e-con-full e-flex e-con e-child\" data-id=\"98b8980\" data-element_type=\"container\" data-e-type=\"container\">\n\t\t\t\t<div class=\"elementor-element elementor-element-0568119 elementor-widget elementor-widget-heading\" data-id=\"0568119\" data-element_type=\"widget\" data-e-type=\"widget\" data-widget_type=\"heading.default\">\n\t\t\t\t<div class=\"elementor-widget-container\">\n\t\t\t\t\t<h2 class=\"elementor-heading-title elementor-size-default\">My work<\/h2>\t\t\t\t<\/div>\n\t\t\t\t<\/div>\n\t\t\t\t<\/div>\n\t\t\t\t\t<\/div>\n\t\t\t\t<\/div>\n\t\t<div class=\"elementor-element elementor-element-db9e085 e-flex e-con-boxed e-con e-parent\" data-id=\"db9e085\" data-element_type=\"container\" data-e-type=\"container\">\n\t\t\t\t\t<div class=\"e-con-inner\">\n\t\t<div class=\"elementor-element elementor-element-a046ca8 e-con-full e-flex e-con e-child\" data-id=\"a046ca8\" data-element_type=\"container\" data-e-type=\"container\">\n\t\t\t\t<div class=\"elementor-element elementor-element-c7cd93b elementor-widget elementor-widget-image\" data-id=\"c7cd93b\" data-element_type=\"widget\" data-e-type=\"widget\" data-widget_type=\"image.default\">\n\t\t\t\t<div class=\"elementor-widget-container\">\n\t\t\t\t\t\t\t\t\t\t\t\t\t\t\t<img decoding=\"async\" width=\"800\" height=\"276\" src=\"https:\/\/christine-blome.de\/wp-content\/uploads\/2024\/11\/Vogesen-2-1024x353.jpg\" class=\"attachment-large size-large wp-image-396\" alt=\"H\u00fcgelige Landschaft in den Vogesen\" srcset=\"https:\/\/christine-blome.de\/wp-content\/uploads\/2024\/11\/Vogesen-2-1024x353.jpg 1024w, https:\/\/christine-blome.de\/wp-content\/uploads\/2024\/11\/Vogesen-2-300x103.jpg 300w, https:\/\/christine-blome.de\/wp-content\/uploads\/2024\/11\/Vogesen-2-768x265.jpg 768w, https:\/\/christine-blome.de\/wp-content\/uploads\/2024\/11\/Vogesen-2-1536x530.jpg 1536w, https:\/\/christine-blome.de\/wp-content\/uploads\/2024\/11\/Vogesen-2-2048x706.jpg 2048w\" sizes=\"(max-width: 800px) 100vw, 800px\" \/>\t\t\t\t\t\t\t\t\t\t\t\t\t\t\t<\/div>\n\t\t\t\t<\/div>\n\t\t\t\t<\/div>\n\t\t<div class=\"elementor-element elementor-element-6e730ec e-con-full e-flex e-con e-child\" data-id=\"6e730ec\" data-element_type=\"container\" data-e-type=\"container\">\n\t\t\t\t<div class=\"elementor-element elementor-element-29d258e elementor-widget elementor-widget-text-editor\" data-id=\"29d258e\" data-element_type=\"widget\" data-e-type=\"widget\" data-widget_type=\"text-editor.default\">\n\t\t\t\t<div class=\"elementor-widget-container\">\n\t\t\t\t\t\t\t\t\t<p>I design development spaces and accompany people and organisations on their path to growth, innovation and change \u2013 on site or online. Here, I present my fields of work.<\/p>\t\t\t\t\t\t\t\t<\/div>\n\t\t\t\t<\/div>\n\t\t\t\t<div class=\"elementor-element elementor-element-38fcb4e elementor-mobile-align-center elementor-widget elementor-widget-button\" data-id=\"38fcb4e\" data-element_type=\"widget\" data-e-type=\"widget\" data-widget_type=\"button.default\">\n\t\t\t\t<div class=\"elementor-widget-container\">\n\t\t\t\t\t\t\t\t\t<div class=\"elementor-button-wrapper\">\n\t\t\t\t\t<a class=\"elementor-button elementor-button-link elementor-size-sm\" href=\"https:\/\/christine-blome.de\/en\/meine-arbeit\/\">\n\t\t\t\t\t\t<span class=\"elementor-button-content-wrapper\">\n\t\t\t\t\t\t\t\t\t<span class=\"elementor-button-text\">Further information on \u2018My work\u2019<\/span>\n\t\t\t\t\t<\/span>\n\t\t\t\t\t<\/a>\n\t\t\t\t<\/div>\n\t\t\t\t\t\t\t\t<\/div>\n\t\t\t\t<\/div>\n\t\t\t\t<\/div>\n\t\t\t\t\t<\/div>\n\t\t\t\t<\/div>\n\t\t<div class=\"elementor-element elementor-element-3ac54a8 e-flex e-con-boxed e-con e-parent\" data-id=\"3ac54a8\" data-element_type=\"container\" data-e-type=\"container\">\n\t\t\t\t\t<div class=\"e-con-inner\">\n\t\t<div class=\"elementor-element elementor-element-1ea5370 e-con-full e-flex e-con e-child\" data-id=\"1ea5370\" data-element_type=\"container\" data-e-type=\"container\">\n\t\t\t\t<div class=\"elementor-element elementor-element-d21efc5 elementor-widget elementor-widget-heading\" data-id=\"d21efc5\" data-element_type=\"widget\" data-e-type=\"widget\" data-widget_type=\"heading.default\">\n\t\t\t\t<div class=\"elementor-widget-container\">\n\t\t\t\t\t<h2 class=\"elementor-heading-title elementor-size-default\">About me<\/h2>\t\t\t\t<\/div>\n\t\t\t\t<\/div>\n\t\t\t\t<\/div>\n\t\t\t\t\t<\/div>\n\t\t\t\t<\/div>\n\t\t<div class=\"elementor-element elementor-element-c814a7e e-flex e-con-boxed e-con e-parent\" data-id=\"c814a7e\" data-element_type=\"container\" data-e-type=\"container\">\n\t\t\t\t\t<div class=\"e-con-inner\">\n\t\t<div class=\"elementor-element elementor-element-5e6cf52 e-con-full e-flex e-con e-child\" data-id=\"5e6cf52\" data-element_type=\"container\" data-e-type=\"container\">\n\t\t\t\t<div class=\"elementor-element elementor-element-92d3bde elementor-widget elementor-widget-image\" data-id=\"92d3bde\" data-element_type=\"widget\" data-e-type=\"widget\" data-widget_type=\"image.default\">\n\t\t\t\t<div class=\"elementor-widget-container\">\n\t\t\t\t\t\t\t\t\t\t\t\t\t\t\t<img decoding=\"async\" width=\"800\" height=\"225\" src=\"https:\/\/christine-blome.de\/wp-content\/uploads\/2024\/11\/Bergwasservogel-1024x288.jpg\" class=\"attachment-large size-large wp-image-378\" alt=\"Bergsee Schloss Orth mit einen Vogel im Vordergrund\" srcset=\"https:\/\/christine-blome.de\/wp-content\/uploads\/2024\/11\/Bergwasservogel-1024x288.jpg 1024w, https:\/\/christine-blome.de\/wp-content\/uploads\/2024\/11\/Bergwasservogel-300x84.jpg 300w, https:\/\/christine-blome.de\/wp-content\/uploads\/2024\/11\/Bergwasservogel-768x216.jpg 768w, https:\/\/christine-blome.de\/wp-content\/uploads\/2024\/11\/Bergwasservogel-1536x431.jpg 1536w, https:\/\/christine-blome.de\/wp-content\/uploads\/2024\/11\/Bergwasservogel-2048x575.jpg 2048w\" sizes=\"(max-width: 800px) 100vw, 800px\" \/>\t\t\t\t\t\t\t\t\t\t\t\t\t\t\t<\/div>\n\t\t\t\t<\/div>\n\t\t\t\t<\/div>\n\t\t<div class=\"elementor-element elementor-element-2670794 e-con-full e-flex e-con e-child\" data-id=\"2670794\" data-element_type=\"container\" data-e-type=\"container\">\n\t\t\t\t<div class=\"elementor-element elementor-element-98323a7 elementor-widget elementor-widget-text-editor\" data-id=\"98323a7\" data-element_type=\"widget\" data-e-type=\"widget\" data-widget_type=\"text-editor.default\">\n\t\t\t\t<div class=\"elementor-widget-container\">\n\t\t\t\t\t\t\t\t\t<p>Here I introduce myself and my professional background as well as a link to my social media profiles.<\/p>\t\t\t\t\t\t\t\t<\/div>\n\t\t\t\t<\/div>\n\t\t\t\t<div class=\"elementor-element elementor-element-b5b00ff elementor-mobile-align-center elementor-widget elementor-widget-button\" data-id=\"b5b00ff\" data-element_type=\"widget\" data-e-type=\"widget\" data-widget_type=\"button.default\">\n\t\t\t\t<div class=\"elementor-widget-container\">\n\t\t\t\t\t\t\t\t\t<div class=\"elementor-button-wrapper\">\n\t\t\t\t\t<a class=\"elementor-button elementor-button-link elementor-size-sm\" href=\"https:\/\/christine-blome.de\/en\/ueber-mich\/\">\n\t\t\t\t\t\t<span class=\"elementor-button-content-wrapper\">\n\t\t\t\t\t\t\t\t\t<span class=\"elementor-button-text\">Further information on \"About me\"<\/span>\n\t\t\t\t\t<\/span>\n\t\t\t\t\t<\/a>\n\t\t\t\t<\/div>\n\t\t\t\t\t\t\t\t<\/div>\n\t\t\t\t<\/div>\n\t\t\t\t<\/div>\n\t\t\t\t\t<\/div>\n\t\t\t\t<\/div>\n\t\t<div class=\"elementor-element elementor-element-d02ddbd e-flex e-con-boxed e-con e-parent\" data-id=\"d02ddbd\" data-element_type=\"container\" data-e-type=\"container\">\n\t\t\t\t\t<div class=\"e-con-inner\">\n\t\t<div class=\"elementor-element elementor-element-04d58ac e-con-full e-flex e-con e-child\" data-id=\"04d58ac\" data-element_type=\"container\" data-e-type=\"container\">\n\t\t\t\t<div class=\"elementor-element elementor-element-df51b5e elementor-widget elementor-widget-heading\" data-id=\"df51b5e\" data-element_type=\"widget\" data-e-type=\"widget\" data-widget_type=\"heading.default\">\n\t\t\t\t<div class=\"elementor-widget-container\">\n\t\t\t\t\t<h2 class=\"elementor-heading-title elementor-size-default\">Stories<\/h2>\t\t\t\t<\/div>\n\t\t\t\t<\/div>\n\t\t\t\t<\/div>\n\t\t\t\t\t<\/div>\n\t\t\t\t<\/div>\n\t\t<div class=\"elementor-element elementor-element-0ab8be1 e-flex e-con-boxed e-con e-parent\" data-id=\"0ab8be1\" data-element_type=\"container\" data-e-type=\"container\">\n\t\t\t\t\t<div class=\"e-con-inner\">\n\t\t<div class=\"elementor-element elementor-element-095a92f e-con-full e-flex e-con e-child\" data-id=\"095a92f\" data-element_type=\"container\" data-e-type=\"container\">\n\t\t\t\t<div class=\"elementor-element elementor-element-e8d3a93 elementor-widget elementor-widget-image\" data-id=\"e8d3a93\" data-element_type=\"widget\" data-e-type=\"widget\" data-widget_type=\"image.default\">\n\t\t\t\t<div class=\"elementor-widget-container\">\n\t\t\t\t\t\t\t\t\t\t\t\t\t\t\t<img loading=\"lazy\" decoding=\"async\" width=\"800\" height=\"600\" src=\"https:\/\/christine-blome.de\/wp-content\/uploads\/2024\/12\/Unknown12-1024x768.jpeg\" class=\"attachment-large size-large wp-image-1923\" alt=\"Landschaft mit Meer und Bergen\" srcset=\"https:\/\/christine-blome.de\/wp-content\/uploads\/2024\/12\/Unknown12-1024x768.jpeg 1024w, https:\/\/christine-blome.de\/wp-content\/uploads\/2024\/12\/Unknown12-300x225.jpeg 300w, https:\/\/christine-blome.de\/wp-content\/uploads\/2024\/12\/Unknown12-768x576.jpeg 768w, https:\/\/christine-blome.de\/wp-content\/uploads\/2024\/12\/Unknown12-1536x1152.jpeg 1536w, https:\/\/christine-blome.de\/wp-content\/uploads\/2024\/12\/Unknown12.jpeg 1600w\" sizes=\"(max-width: 800px) 100vw, 800px\" \/>\t\t\t\t\t\t\t\t\t\t\t\t\t\t\t<\/div>\n\t\t\t\t<\/div>\n\t\t\t\t<\/div>\n\t\t<div class=\"elementor-element elementor-element-5ec3216 e-con-full e-flex e-con e-child\" data-id=\"5ec3216\" data-element_type=\"container\" data-e-type=\"container\">\n\t\t\t\t<div class=\"elementor-element elementor-element-d195549 elementor-widget elementor-widget-text-editor\" data-id=\"d195549\" data-element_type=\"widget\" data-e-type=\"widget\" data-widget_type=\"text-editor.default\">\n\t\t\t\t<div class=\"elementor-widget-container\">\n\t\t\t\t\t\t\t\t\t<p>Stories create connections \u2013 even across distances. Here I share insights from my work that inspire and bring the power of storytelling to life.<\/p>\t\t\t\t\t\t\t\t<\/div>\n\t\t\t\t<\/div>\n\t\t\t\t<div class=\"elementor-element elementor-element-fd520c0 elementor-mobile-align-center elementor-widget elementor-widget-button\" data-id=\"fd520c0\" data-element_type=\"widget\" data-e-type=\"widget\" data-widget_type=\"button.default\">\n\t\t\t\t<div class=\"elementor-widget-container\">\n\t\t\t\t\t\t\t\t\t<div class=\"elementor-button-wrapper\">\n\t\t\t\t\t<a class=\"elementor-button elementor-button-link elementor-size-sm\" href=\"https:\/\/christine-blome.de\/en\/geschichten\/\">\n\t\t\t\t\t\t<span class=\"elementor-button-content-wrapper\">\n\t\t\t\t\t\t\t\t\t<span class=\"elementor-button-text\">Further information on \"Stories\"<\/span>\n\t\t\t\t\t<\/span>\n\t\t\t\t\t<\/a>\n\t\t\t\t<\/div>\n\t\t\t\t\t\t\t\t<\/div>\n\t\t\t\t<\/div>\n\t\t\t\t<\/div>\n\t\t\t\t\t<\/div>\n\t\t\t\t<\/div>\n\t\t<div class=\"elementor-element elementor-element-6c4c045 e-flex e-con-boxed e-con e-parent\" data-id=\"6c4c045\" data-element_type=\"container\" data-e-type=\"container\">\n\t\t\t\t\t<div class=\"e-con-inner\">\n\t\t<div class=\"elementor-element elementor-element-ac70fc0 e-con-full e-flex e-con e-child\" data-id=\"ac70fc0\" data-element_type=\"container\" data-e-type=\"container\">\n\t\t\t\t<div class=\"elementor-element elementor-element-95e8051 elementor-widget elementor-widget-heading\" data-id=\"95e8051\" data-element_type=\"widget\" data-e-type=\"widget\" data-widget_type=\"heading.default\">\n\t\t\t\t<div class=\"elementor-widget-container\">\n\t\t\t\t\t<h2 class=\"elementor-heading-title elementor-size-default\">References<\/h2>\t\t\t\t<\/div>\n\t\t\t\t<\/div>\n\t\t\t\t<\/div>\n\t\t\t\t\t<\/div>\n\t\t\t\t<\/div>\n\t\t<div class=\"elementor-element elementor-element-ea4fd7b e-flex e-con-boxed e-con e-parent\" data-id=\"ea4fd7b\" data-element_type=\"container\" data-e-type=\"container\">\n\t\t\t\t\t<div class=\"e-con-inner\">\n\t\t<div class=\"elementor-element elementor-element-26ae9d0 e-con-full e-flex e-con e-child\" data-id=\"26ae9d0\" data-element_type=\"container\" data-e-type=\"container\">\n\t\t\t\t<div class=\"elementor-element elementor-element-848ea8a elementor-widget elementor-widget-image\" data-id=\"848ea8a\" data-element_type=\"widget\" data-e-type=\"widget\" data-widget_type=\"image.default\">\n\t\t\t\t<div class=\"elementor-widget-container\">\n\t\t\t\t\t\t\t\t\t\t\t\t\t\t\t<img loading=\"lazy\" decoding=\"async\" width=\"800\" height=\"807\" src=\"https:\/\/christine-blome.de\/wp-content\/uploads\/2025\/01\/EifelBerg-1015x1024.jpg\" class=\"attachment-large size-large wp-image-2403\" alt=\"Eine Eifellandschaft mit einen H\u00fcgel und B\u00e4umen\" srcset=\"https:\/\/christine-blome.de\/wp-content\/uploads\/2025\/01\/EifelBerg-1015x1024.jpg 1015w, https:\/\/christine-blome.de\/wp-content\/uploads\/2025\/01\/EifelBerg-297x300.jpg 297w, https:\/\/christine-blome.de\/wp-content\/uploads\/2025\/01\/EifelBerg-150x150.jpg 150w, https:\/\/christine-blome.de\/wp-content\/uploads\/2025\/01\/EifelBerg-768x774.jpg 768w, https:\/\/christine-blome.de\/wp-content\/uploads\/2025\/01\/EifelBerg.jpg 1424w\" sizes=\"(max-width: 800px) 100vw, 800px\" \/>\t\t\t\t\t\t\t\t\t\t\t\t\t\t\t<\/div>\n\t\t\t\t<\/div>\n\t\t\t\t<\/div>\n\t\t<div class=\"elementor-element elementor-element-918dbfe e-con-full e-flex e-con e-child\" data-id=\"918dbfe\" data-element_type=\"container\" data-e-type=\"container\">\n\t\t\t\t<div class=\"elementor-element elementor-element-e9bc92a elementor-widget elementor-widget-text-editor\" data-id=\"e9bc92a\" data-element_type=\"widget\" data-e-type=\"widget\" data-widget_type=\"text-editor.default\">\n\t\t\t\t<div class=\"elementor-widget-container\">\n\t\t\t\t\t\t\t\t\t<p>Here you will find a selection of organisations I work with, as well as testimonials from clients and partners providing insight into our joint work.<\/p>\t\t\t\t\t\t\t\t<\/div>\n\t\t\t\t<\/div>\n\t\t\t\t<div class=\"elementor-element elementor-element-8ea4b8b elementor-mobile-align-center elementor-widget elementor-widget-button\" data-id=\"8ea4b8b\" data-element_type=\"widget\" data-e-type=\"widget\" data-widget_type=\"button.default\">\n\t\t\t\t<div class=\"elementor-widget-container\">\n\t\t\t\t\t\t\t\t\t<div class=\"elementor-button-wrapper\">\n\t\t\t\t\t<a class=\"elementor-button elementor-button-link elementor-size-sm\" href=\"https:\/\/christine-blome.de\/en\/referenzen\/\">\n\t\t\t\t\t\t<span class=\"elementor-button-content-wrapper\">\n\t\t\t\t\t\t\t\t\t<span class=\"elementor-button-text\">Further information on \"References\"<\/span>\n\t\t\t\t\t<\/span>\n\t\t\t\t\t<\/a>\n\t\t\t\t<\/div>\n\t\t\t\t\t\t\t\t<\/div>\n\t\t\t\t<\/div>\n\t\t\t\t<\/div>\n\t\t\t\t\t<\/div>\n\t\t\t\t<\/div>\n\t\t<div class=\"elementor-element elementor-element-45c3654 e-flex e-con-boxed e-con e-parent\" data-id=\"45c3654\" data-element_type=\"container\" data-e-type=\"container\">\n\t\t\t\t\t<div class=\"e-con-inner\">\n\t\t<div class=\"elementor-element elementor-element-1653037 e-con-full e-flex e-con e-child\" data-id=\"1653037\" data-element_type=\"container\" data-e-type=\"container\">\n\t\t\t\t<div class=\"elementor-element elementor-element-4e75070 elementor-widget elementor-widget-heading\" data-id=\"4e75070\" data-element_type=\"widget\" data-e-type=\"widget\" data-widget_type=\"heading.default\">\n\t\t\t\t<div class=\"elementor-widget-container\">\n\t\t\t\t\t<h2 class=\"elementor-heading-title elementor-size-default\">Network<\/h2>\t\t\t\t<\/div>\n\t\t\t\t<\/div>\n\t\t\t\t<\/div>\n\t\t\t\t\t<\/div>\n\t\t\t\t<\/div>\n\t\t<div class=\"elementor-element elementor-element-5d22443 e-flex e-con-boxed e-con e-parent\" data-id=\"5d22443\" data-element_type=\"container\" data-e-type=\"container\">\n\t\t\t\t\t<div class=\"e-con-inner\">\n\t\t<div class=\"elementor-element elementor-element-5783d71 e-con-full e-flex e-con e-child\" data-id=\"5783d71\" data-element_type=\"container\" data-e-type=\"container\">\n\t\t\t\t<div class=\"elementor-element elementor-element-7d6866f elementor-widget elementor-widget-image\" data-id=\"7d6866f\" data-element_type=\"widget\" data-e-type=\"widget\" data-widget_type=\"image.default\">\n\t\t\t\t<div class=\"elementor-widget-container\">\n\t\t\t\t\t\t\t\t\t\t\t\t\t\t\t<img loading=\"lazy\" decoding=\"async\" width=\"800\" height=\"252\" src=\"https:\/\/christine-blome.de\/wp-content\/uploads\/2024\/11\/Vogesen-1024x322.jpg\" class=\"attachment-large size-large wp-image-397\" alt=\"H\u00fcgelige Landschaft mit Bergh\u00fctte in den Vogesen\" srcset=\"https:\/\/christine-blome.de\/wp-content\/uploads\/2024\/11\/Vogesen-1024x322.jpg 1024w, https:\/\/christine-blome.de\/wp-content\/uploads\/2024\/11\/Vogesen-300x94.jpg 300w, https:\/\/christine-blome.de\/wp-content\/uploads\/2024\/11\/Vogesen-768x241.jpg 768w, https:\/\/christine-blome.de\/wp-content\/uploads\/2024\/11\/Vogesen-1536x482.jpg 1536w, https:\/\/christine-blome.de\/wp-content\/uploads\/2024\/11\/Vogesen-2048x643.jpg 2048w\" sizes=\"(max-width: 800px) 100vw, 800px\" \/>\t\t\t\t\t\t\t\t\t\t\t\t\t\t\t<\/div>\n\t\t\t\t<\/div>\n\t\t\t\t<\/div>\n\t\t<div class=\"elementor-element elementor-element-3165845 e-con-full e-flex e-con e-child\" data-id=\"3165845\" data-element_type=\"container\" data-e-type=\"container\">\n\t\t\t\t<div class=\"elementor-element elementor-element-2c3fb2f elementor-widget elementor-widget-text-editor\" data-id=\"2c3fb2f\" data-element_type=\"widget\" data-e-type=\"widget\" data-widget_type=\"text-editor.default\">\n\t\t\t\t<div class=\"elementor-widget-container\">\n\t\t\t\t\t\t\t\t\tAs an enthusiastic networker, I value diversity, collaboration and co-creation. By working together with colleagues and partners, we can achieve more and dive deeper into topics.\t\t\t\t\t\t\t\t<\/div>\n\t\t\t\t<\/div>\n\t\t\t\t<div class=\"elementor-element elementor-element-125b7a4 elementor-mobile-align-center elementor-widget elementor-widget-button\" data-id=\"125b7a4\" data-element_type=\"widget\" data-e-type=\"widget\" data-widget_type=\"button.default\">\n\t\t\t\t<div class=\"elementor-widget-container\">\n\t\t\t\t\t\t\t\t\t<div class=\"elementor-button-wrapper\">\n\t\t\t\t\t<a class=\"elementor-button elementor-button-link elementor-size-sm\" href=\"https:\/\/christine-blome.de\/en\/netzwerk\/\">\n\t\t\t\t\t\t<span class=\"elementor-button-content-wrapper\">\n\t\t\t\t\t\t\t\t\t<span class=\"elementor-button-text\">Further information on \"Network\"<\/span>\n\t\t\t\t\t<\/span>\n\t\t\t\t\t<\/a>\n\t\t\t\t<\/div>\n\t\t\t\t\t\t\t\t<\/div>\n\t\t\t\t<\/div>\n\t\t\t\t<\/div>\n\t\t\t\t\t<\/div>\n\t\t\t\t<\/div>\n\t\t<div class=\"elementor-element elementor-element-c7dba91 e-flex e-con-boxed e-con e-parent\" data-id=\"c7dba91\" data-element_type=\"container\" data-e-type=\"container\">\n\t\t\t\t\t<div class=\"e-con-inner\">\n\t\t\t\t\t<\/div>\n\t\t\t\t<\/div>\n\t\t\t\t<\/div>","protected":false},"excerpt":{"rendered":"<p>GEMEINSAM ZUKUNFT GESTALTEN Willkommen Herzlich Willkommen auf meiner Website! Ich freue mich, Ihnen hier meine Angebote als Facilitatorin, Beraterin und Coach vorzustellen. Schauen Sie sich gerne um und finden Sie das Format, das zu Ihrem Anliegen passt.\u00a0 Gerne entwickle ich auch eine ma\u00dfgeschneiderte L\u00f6sung f\u00fcr Sie. Lassen Sie mich einfach wissen, wie ich Sie unterst\u00fctzen [&hellip;]<\/p>\n","protected":false},"author":1,"featured_media":0,"parent":0,"menu_order":0,"comment_status":"closed","ping_status":"closed","template":"elementor_theme","meta":{"footnotes":""},"class_list":["post-115","page","type-page","status-publish","hentry"],"_links":{"self":[{"href":"https:\/\/christine-blome.de\/en\/wp-json\/wp\/v2\/pages\/115","targetHints":{"allow":["GET"]}}],"collection":[{"href":"https:\/\/christine-blome.de\/en\/wp-json\/wp\/v2\/pages"}],"about":[{"href":"https:\/\/christine-blome.de\/en\/wp-json\/wp\/v2\/types\/page"}],"author":[{"embeddable":true,"href":"https:\/\/christine-blome.de\/en\/wp-json\/wp\/v2\/users\/1"}],"replies":[{"embeddable":true,"href":"https:\/\/christine-blome.de\/en\/wp-json\/wp\/v2\/comments?post=115"}],"version-history":[{"count":524,"href":"https:\/\/christine-blome.de\/en\/wp-json\/wp\/v2\/pages\/115\/revisions"}],"predecessor-version":[{"id":3352,"href":"https:\/\/christine-blome.de\/en\/wp-json\/wp\/v2\/pages\/115\/revisions\/3352"}],"wp:attachment":[{"href":"https:\/\/christine-blome.de\/en\/wp-json\/wp\/v2\/media?parent=115"}],"curies":[{"name":"wp","href":"https:\/\/api.w.org\/{rel}","templated":true}]}}